{"id":748,"date":"2022-10-07T14:55:54","date_gmt":"2022-10-07T10:55:54","guid":{"rendered":"https:\/\/amec.az\/?page_id=748"},"modified":"2022-10-11T13:16:07","modified_gmt":"2022-10-11T09:16:07","slug":"xidmetler","status":"publish","type":"page","link":"https:\/\/amec.az\/az\/xidmetler\/","title":{"rendered":"Xidm\u0259tl\u0259r"},"content":{"rendered":"\t\t<div data-elementor-type=\"wp-page\" data-elementor-id=\"748\" class=\"elementor elementor-748 elementor-747\" data-elementor-post-type=\"page\">\n\t\t\t\t\t\t<section class=\"has_ae_slider elementor-section elementor-top-section elementor-element elementor-element-13f0a0cc elementor-section-height-min-height elementor-section-items-bottom elementor-section-boxed elementor-section-height-default ae-bg-gallery-type-default\" data-id=\"13f0a0cc\" data-element_type=\"section\" data-e-type=\"section\" data-settings=\"{&quot;jet_parallax_layout_list&quot;:[],&quot;background_background&quot;:&quot;classic&quot;}\">\n\t\t\t\t\t\t\t<div class=\"elementor-background-overlay\"><\/div>\n\t\t\t\t\t\t\t<div class=\"elementor-container elementor-column-gap-default\">\n\t\t\t\t\t<div class=\"has_ae_slider elementor-column elementor-col-100 elementor-top-column elementor-element elementor-element-4a7930a1 ae-bg-gallery-type-default\" data-id=\"4a7930a1\" data-element_type=\"column\" data-e-type=\"column\">\n\t\t\t<div class=\"elementor-widget-wrap elementor-element-populated\">\n\t\t\t\t\t\t<div class=\"elementor-element elementor-element-69c6b029 elementor-widget elementor-widget-woocommerce-breadcrumb\" data-id=\"69c6b029\" data-element_type=\"widget\" data-e-type=\"widget\" data-widget_type=\"woocommerce-breadcrumb.default\">\n\t\t\t\t<div class=\"elementor-widget-container\">\n\t\t\t\t\t<nav class=\"woocommerce-breadcrumb\" aria-label=\"Breadcrumb\">Home<\/nav>\t\t\t\t<\/div>\n\t\t\t\t<\/div>\n\t\t\t\t\t<\/div>\n\t\t<\/div>\n\t\t\t\t\t<\/div>\n\t\t<\/section>\n\t\t\t\t<section class=\"has_ae_slider elementor-section elementor-top-section elementor-element elementor-element-fe7a42d elementor-section-height-min-height elementor-section-full_width elementor-reverse-mobile elementor-section-height-default elementor-section-items-middle ae-bg-gallery-type-default\" data-id=\"fe7a42d\" data-element_type=\"section\" data-e-type=\"section\" data-settings=\"{&quot;background_background&quot;:&quot;classic&quot;,&quot;jet_parallax_layout_list&quot;:[]}\">\n\t\t\t\t\t\t\t<div class=\"elementor-background-overlay\"><\/div>\n\t\t\t\t\t\t\t<div class=\"elementor-container elementor-column-gap-default\">\n\t\t\t\t\t<div class=\"has_ae_slider elementor-column elementor-col-100 elementor-top-column elementor-element elementor-element-0683553 ae-bg-gallery-type-default\" data-id=\"0683553\" data-element_type=\"column\" data-e-type=\"column\">\n\t\t\t<div class=\"elementor-widget-wrap elementor-element-populated\">\n\t\t\t\t\t\t<section class=\"has_ae_slider elementor-section elementor-inner-section elementor-element elementor-element-2f14e3d elementor-section-boxed elementor-section-height-default elementor-section-height-default ae-bg-gallery-type-default\" data-id=\"2f14e3d\" data-element_type=\"section\" data-e-type=\"section\" data-settings=\"{&quot;jet_parallax_layout_list&quot;:[]}\">\n\t\t\t\t\t\t<div class=\"elementor-container elementor-column-gap-default\">\n\t\t\t\t\t<div class=\"has_ae_slider elementor-column elementor-col-33 elementor-inner-column elementor-element elementor-element-29c8c1b ae-bg-gallery-type-default\" data-id=\"29c8c1b\" data-element_type=\"column\" data-e-type=\"column\">\n\t\t\t<div class=\"elementor-widget-wrap elementor-element-populated\">\n\t\t\t\t\t\t<div class=\"elementor-element elementor-element-879e630 elementor-widget elementor-widget-heading\" data-id=\"879e630\" data-element_type=\"widget\" data-e-type=\"widget\" data-widget_type=\"heading.default\">\n\t\t\t\t<div class=\"elementor-widget-container\">\n\t\t\t\t\t<h2 class=\"elementor-heading-title elementor-size-default\">01<\/h2>\t\t\t\t<\/div>\n\t\t\t\t<\/div>\n\t\t\t\t<div class=\"elementor-element elementor-element-c75078d elementor-widget elementor-widget-image\" data-id=\"c75078d\" data-element_type=\"widget\" data-e-type=\"widget\" data-widget_type=\"image.default\">\n\t\t\t\t<div class=\"elementor-widget-container\">\n\t\t\t\t\t\t\t\t\t\t\t\t\t\t\t\t<a href=\"https:\/\/amec.az\/marine-warranty-surveys\/\">\n\t\t\t\t\t\t\t<img fetchpriority=\"high\" decoding=\"async\" width=\"400\" height=\"400\" src=\"https:\/\/amec.az\/wp-content\/uploads\/2022\/10\/Untitled-1-1.png\" class=\"attachment-full size-full wp-image-386\" alt=\"\" srcset=\"https:\/\/amec.az\/wp-content\/uploads\/2022\/10\/Untitled-1-1.png 400w, https:\/\/amec.az\/wp-content\/uploads\/2022\/10\/Untitled-1-1-300x300.png 300w, https:\/\/amec.az\/wp-content\/uploads\/2022\/10\/Untitled-1-1-100x100.png 100w, https:\/\/amec.az\/wp-content\/uploads\/2022\/10\/Untitled-1-1-150x150.png 150w\" sizes=\"(max-width: 400px) 100vw, 400px\" \/>\t\t\t\t\t\t\t\t<\/a>\n\t\t\t\t\t\t\t\t\t\t\t\t\t\t\t<\/div>\n\t\t\t\t<\/div>\n\t\t\t\t<div class=\"elementor-element elementor-element-77b65a6 elementor-widget elementor-widget-heading\" data-id=\"77b65a6\" data-element_type=\"widget\" data-e-type=\"widget\" data-widget_type=\"heading.default\">\n\t\t\t\t<div class=\"elementor-widget-container\">\n\t\t\t\t\t<h2 class=\"elementor-heading-title elementor-size-default\"><a href=\"https:\/\/amec.az\/marine-warranty-surveys\/\">MAR\u0130NE WARRANTY SURVEYS<\/a><\/h2>\t\t\t\t<\/div>\n\t\t\t\t<\/div>\n\t\t\t\t<div class=\"elementor-element elementor-element-7fcc299 elementor-align-left elementor-widget elementor-widget-button\" data-id=\"7fcc299\" data-element_type=\"widget\" data-e-type=\"widget\" data-widget_type=\"button.default\">\n\t\t\t\t<div class=\"elementor-widget-container\">\n\t\t\t\t\t\t\t\t\t<div class=\"elementor-button-wrapper\">\n\t\t\t\t\t<a class=\"elementor-button elementor-button-link elementor-size-sm\" href=\"https:\/\/amec.az\/az\/?page_id=915\">\n\t\t\t\t\t\t<span class=\"elementor-button-content-wrapper\">\n\t\t\t\t\t\t\t\t\t<span class=\"elementor-button-text\">Daha \u0259trafl\u0131<\/span>\n\t\t\t\t\t<\/span>\n\t\t\t\t\t<\/a>\n\t\t\t\t<\/div>\n\t\t\t\t\t\t\t\t<\/div>\n\t\t\t\t<\/div>\n\t\t\t\t\t<\/div>\n\t\t<\/div>\n\t\t\t\t<div class=\"has_ae_slider elementor-column elementor-col-33 elementor-inner-column elementor-element elementor-element-675d34d ae-bg-gallery-type-default\" data-id=\"675d34d\" data-element_type=\"column\" data-e-type=\"column\">\n\t\t\t<div class=\"elementor-widget-wrap elementor-element-populated\">\n\t\t\t\t\t\t<div class=\"elementor-element elementor-element-d546639 elementor-widget elementor-widget-heading\" data-id=\"d546639\" data-element_type=\"widget\" data-e-type=\"widget\" data-widget_type=\"heading.default\">\n\t\t\t\t<div class=\"elementor-widget-container\">\n\t\t\t\t\t<h2 class=\"elementor-heading-title elementor-size-default\">02<\/h2>\t\t\t\t<\/div>\n\t\t\t\t<\/div>\n\t\t\t\t<div class=\"elementor-element elementor-element-d086acc elementor-widget elementor-widget-image\" data-id=\"d086acc\" data-element_type=\"widget\" data-e-type=\"widget\" data-widget_type=\"image.default\">\n\t\t\t\t<div class=\"elementor-widget-container\">\n\t\t\t\t\t\t\t\t\t\t\t\t\t\t\t\t<a href=\"https:\/\/amec.az\/marine-surveys\/\">\n\t\t\t\t\t\t\t<img decoding=\"async\" width=\"400\" height=\"400\" src=\"https:\/\/amec.az\/wp-content\/uploads\/2022\/10\/2-1.png\" class=\"attachment-full size-full wp-image-388\" alt=\"\" srcset=\"https:\/\/amec.az\/wp-content\/uploads\/2022\/10\/2-1.png 400w, https:\/\/amec.az\/wp-content\/uploads\/2022\/10\/2-1-300x300.png 300w, https:\/\/amec.az\/wp-content\/uploads\/2022\/10\/2-1-100x100.png 100w, https:\/\/amec.az\/wp-content\/uploads\/2022\/10\/2-1-150x150.png 150w\" sizes=\"(max-width: 400px) 100vw, 400px\" \/>\t\t\t\t\t\t\t\t<\/a>\n\t\t\t\t\t\t\t\t\t\t\t\t\t\t\t<\/div>\n\t\t\t\t<\/div>\n\t\t\t\t<div class=\"elementor-element elementor-element-4fd0aa9 elementor-widget elementor-widget-heading\" data-id=\"4fd0aa9\" data-element_type=\"widget\" data-e-type=\"widget\" data-widget_type=\"heading.default\">\n\t\t\t\t<div class=\"elementor-widget-container\">\n\t\t\t\t\t<h2 class=\"elementor-heading-title elementor-size-default\"><a href=\"https:\/\/amec.az\/marine-surveys\/\">MARINE SURVEYS<\/a><\/h2>\t\t\t\t<\/div>\n\t\t\t\t<\/div>\n\t\t\t\t<div class=\"elementor-element elementor-element-28e4a36 elementor-align-left elementor-widget elementor-widget-button\" data-id=\"28e4a36\" data-element_type=\"widget\" data-e-type=\"widget\" data-widget_type=\"button.default\">\n\t\t\t\t<div class=\"elementor-widget-container\">\n\t\t\t\t\t\t\t\t\t<div class=\"elementor-button-wrapper\">\n\t\t\t\t\t<a class=\"elementor-button elementor-button-link elementor-size-sm\" href=\"https:\/\/amec.az\/az\/?page_id=937\">\n\t\t\t\t\t\t<span class=\"elementor-button-content-wrapper\">\n\t\t\t\t\t\t\t\t\t<span class=\"elementor-button-text\">Daha \u0259trafl\u0131<\/span>\n\t\t\t\t\t<\/span>\n\t\t\t\t\t<\/a>\n\t\t\t\t<\/div>\n\t\t\t\t\t\t\t\t<\/div>\n\t\t\t\t<\/div>\n\t\t\t\t\t<\/div>\n\t\t<\/div>\n\t\t\t\t<div class=\"has_ae_slider elementor-column elementor-col-33 elementor-inner-column elementor-element elementor-element-c47c794 ae-bg-gallery-type-default\" data-id=\"c47c794\" data-element_type=\"column\" data-e-type=\"column\">\n\t\t\t<div class=\"elementor-widget-wrap elementor-element-populated\">\n\t\t\t\t\t\t<div class=\"elementor-element elementor-element-108cdff elementor-widget elementor-widget-heading\" data-id=\"108cdff\" data-element_type=\"widget\" data-e-type=\"widget\" data-widget_type=\"heading.default\">\n\t\t\t\t<div class=\"elementor-widget-container\">\n\t\t\t\t\t<h2 class=\"elementor-heading-title elementor-size-default\">03<\/h2>\t\t\t\t<\/div>\n\t\t\t\t<\/div>\n\t\t\t\t<div class=\"elementor-element elementor-element-5518970 elementor-widget elementor-widget-image\" data-id=\"5518970\" data-element_type=\"widget\" data-e-type=\"widget\" data-widget_type=\"image.default\">\n\t\t\t\t<div class=\"elementor-widget-container\">\n\t\t\t\t\t\t\t\t\t\t\t\t\t\t\t\t<a href=\"https:\/\/amec.az\/marine-assurance-services\/\">\n\t\t\t\t\t\t\t<img decoding=\"async\" width=\"400\" height=\"400\" src=\"https:\/\/amec.az\/wp-content\/uploads\/2022\/10\/3-1.png\" class=\"attachment-full size-full wp-image-390\" alt=\"\" srcset=\"https:\/\/amec.az\/wp-content\/uploads\/2022\/10\/3-1.png 400w, https:\/\/amec.az\/wp-content\/uploads\/2022\/10\/3-1-300x300.png 300w, https:\/\/amec.az\/wp-content\/uploads\/2022\/10\/3-1-100x100.png 100w, https:\/\/amec.az\/wp-content\/uploads\/2022\/10\/3-1-150x150.png 150w\" sizes=\"(max-width: 400px) 100vw, 400px\" \/>\t\t\t\t\t\t\t\t<\/a>\n\t\t\t\t\t\t\t\t\t\t\t\t\t\t\t<\/div>\n\t\t\t\t<\/div>\n\t\t\t\t<div class=\"elementor-element elementor-element-805c998 elementor-widget elementor-widget-heading\" data-id=\"805c998\" data-element_type=\"widget\" data-e-type=\"widget\" data-widget_type=\"heading.default\">\n\t\t\t\t<div class=\"elementor-widget-container\">\n\t\t\t\t\t<h2 class=\"elementor-heading-title elementor-size-default\"><a href=\"https:\/\/amec.az\/marine-assurance-services\/\">MAR\u0130NE ASSURANCE SERV\u0130CES<\/a><\/h2>\t\t\t\t<\/div>\n\t\t\t\t<\/div>\n\t\t\t\t<div class=\"elementor-element elementor-element-335a9dc elementor-align-left elementor-widget elementor-widget-button\" data-id=\"335a9dc\" data-element_type=\"widget\" data-e-type=\"widget\" data-widget_type=\"button.default\">\n\t\t\t\t<div class=\"elementor-widget-container\">\n\t\t\t\t\t\t\t\t\t<div class=\"elementor-button-wrapper\">\n\t\t\t\t\t<a class=\"elementor-button elementor-button-link elementor-size-sm\" href=\"https:\/\/amec.az\/az\/?page_id=955\">\n\t\t\t\t\t\t<span class=\"elementor-button-content-wrapper\">\n\t\t\t\t\t\t\t\t\t<span class=\"elementor-button-text\">Daha \u0259trafl\u0131<\/span>\n\t\t\t\t\t<\/span>\n\t\t\t\t\t<\/a>\n\t\t\t\t<\/div>\n\t\t\t\t\t\t\t\t<\/div>\n\t\t\t\t<\/div>\n\t\t\t\t\t<\/div>\n\t\t<\/div>\n\t\t\t\t\t<\/div>\n\t\t<\/section>\n\t\t\t\t<section class=\"has_ae_slider elementor-section elementor-inner-section elementor-element elementor-element-cb3feb4 elementor-section-boxed elementor-section-height-default elementor-section-height-default ae-bg-gallery-type-default\" data-id=\"cb3feb4\" data-element_type=\"section\" data-e-type=\"section\" data-settings=\"{&quot;jet_parallax_layout_list&quot;:[]}\">\n\t\t\t\t\t\t<div class=\"elementor-container elementor-column-gap-default\">\n\t\t\t\t\t<div class=\"has_ae_slider elementor-column elementor-col-50 elementor-inner-column elementor-element elementor-element-2d494eb ae-bg-gallery-type-default\" data-id=\"2d494eb\" data-element_type=\"column\" data-e-type=\"column\">\n\t\t\t<div class=\"elementor-widget-wrap elementor-element-populated\">\n\t\t\t\t\t\t<div class=\"elementor-element elementor-element-182805d elementor-widget elementor-widget-heading\" data-id=\"182805d\" data-element_type=\"widget\" data-e-type=\"widget\" data-widget_type=\"heading.default\">\n\t\t\t\t<div class=\"elementor-widget-container\">\n\t\t\t\t\t<h2 class=\"elementor-heading-title elementor-size-default\">04<\/h2>\t\t\t\t<\/div>\n\t\t\t\t<\/div>\n\t\t\t\t<div class=\"elementor-element elementor-element-cf3893f elementor-widget elementor-widget-image\" data-id=\"cf3893f\" data-element_type=\"widget\" data-e-type=\"widget\" data-widget_type=\"image.default\">\n\t\t\t\t<div class=\"elementor-widget-container\">\n\t\t\t\t\t\t\t\t\t\t\t\t\t\t\t\t<a href=\"https:\/\/amec.az\/dynamic-positioning-audits\/\">\n\t\t\t\t\t\t\t<img loading=\"lazy\" decoding=\"async\" width=\"400\" height=\"400\" src=\"https:\/\/amec.az\/wp-content\/uploads\/2022\/10\/4-1.png\" class=\"attachment-full size-full wp-image-382\" alt=\"\" srcset=\"https:\/\/amec.az\/wp-content\/uploads\/2022\/10\/4-1.png 400w, https:\/\/amec.az\/wp-content\/uploads\/2022\/10\/4-1-300x300.png 300w, https:\/\/amec.az\/wp-content\/uploads\/2022\/10\/4-1-100x100.png 100w, https:\/\/amec.az\/wp-content\/uploads\/2022\/10\/4-1-150x150.png 150w\" sizes=\"(max-width: 400px) 100vw, 400px\" \/>\t\t\t\t\t\t\t\t<\/a>\n\t\t\t\t\t\t\t\t\t\t\t\t\t\t\t<\/div>\n\t\t\t\t<\/div>\n\t\t\t\t<div class=\"elementor-element elementor-element-e29aa66 elementor-widget elementor-widget-heading\" data-id=\"e29aa66\" data-element_type=\"widget\" data-e-type=\"widget\" data-widget_type=\"heading.default\">\n\t\t\t\t<div class=\"elementor-widget-container\">\n\t\t\t\t\t<h2 class=\"elementor-heading-title elementor-size-default\"><a href=\"https:\/\/amec.az\/dynamic-positioning-audits\/\">DYNAM\u0130C POS\u0130T\u0130ON\u0130NG AUD\u0130TS<\/a><\/h2>\t\t\t\t<\/div>\n\t\t\t\t<\/div>\n\t\t\t\t<div class=\"elementor-element elementor-element-db9673e elementor-align-left elementor-widget elementor-widget-button\" data-id=\"db9673e\" data-element_type=\"widget\" data-e-type=\"widget\" data-widget_type=\"button.default\">\n\t\t\t\t<div class=\"elementor-widget-container\">\n\t\t\t\t\t\t\t\t\t<div class=\"elementor-button-wrapper\">\n\t\t\t\t\t<a class=\"elementor-button elementor-button-link elementor-size-sm\" href=\"https:\/\/amec.az\/az\/?page_id=967\">\n\t\t\t\t\t\t<span class=\"elementor-button-content-wrapper\">\n\t\t\t\t\t\t\t\t\t<span class=\"elementor-button-text\">Daha \u0259trafl\u0131<\/span>\n\t\t\t\t\t<\/span>\n\t\t\t\t\t<\/a>\n\t\t\t\t<\/div>\n\t\t\t\t\t\t\t\t<\/div>\n\t\t\t\t<\/div>\n\t\t\t\t\t<\/div>\n\t\t<\/div>\n\t\t\t\t<div class=\"has_ae_slider elementor-column elementor-col-50 elementor-inner-column elementor-element elementor-element-d7ba81d ae-bg-gallery-type-default\" data-id=\"d7ba81d\" data-element_type=\"column\" data-e-type=\"column\">\n\t\t\t<div class=\"elementor-widget-wrap elementor-element-populated\">\n\t\t\t\t\t\t<div class=\"elementor-element elementor-element-72d5f8f elementor-widget elementor-widget-heading\" data-id=\"72d5f8f\" data-element_type=\"widget\" data-e-type=\"widget\" data-widget_type=\"heading.default\">\n\t\t\t\t<div class=\"elementor-widget-container\">\n\t\t\t\t\t<h2 class=\"elementor-heading-title elementor-size-default\">05<\/h2>\t\t\t\t<\/div>\n\t\t\t\t<\/div>\n\t\t\t\t<div class=\"elementor-element elementor-element-9a50f27 elementor-widget elementor-widget-image\" data-id=\"9a50f27\" data-element_type=\"widget\" data-e-type=\"widget\" data-widget_type=\"image.default\">\n\t\t\t\t<div class=\"elementor-widget-container\">\n\t\t\t\t\t\t\t\t\t\t\t\t\t\t\t\t<a href=\"https:\/\/amec.az\/engineering-survices\/\">\n\t\t\t\t\t\t\t<img loading=\"lazy\" decoding=\"async\" width=\"400\" height=\"400\" src=\"https:\/\/amec.az\/wp-content\/uploads\/2022\/10\/5-1.png\" class=\"attachment-full size-full wp-image-384\" alt=\"\" srcset=\"https:\/\/amec.az\/wp-content\/uploads\/2022\/10\/5-1.png 400w, https:\/\/amec.az\/wp-content\/uploads\/2022\/10\/5-1-300x300.png 300w, https:\/\/amec.az\/wp-content\/uploads\/2022\/10\/5-1-100x100.png 100w, https:\/\/amec.az\/wp-content\/uploads\/2022\/10\/5-1-150x150.png 150w\" sizes=\"(max-width: 400px) 100vw, 400px\" \/>\t\t\t\t\t\t\t\t<\/a>\n\t\t\t\t\t\t\t\t\t\t\t\t\t\t\t<\/div>\n\t\t\t\t<\/div>\n\t\t\t\t<div class=\"elementor-element elementor-element-c53ccc5 elementor-widget elementor-widget-heading\" data-id=\"c53ccc5\" data-element_type=\"widget\" data-e-type=\"widget\" data-widget_type=\"heading.default\">\n\t\t\t\t<div class=\"elementor-widget-container\">\n\t\t\t\t\t<h2 class=\"elementor-heading-title elementor-size-default\"><a href=\"https:\/\/amec.az\/engineering-survices\/\">ENG\u0130NEER\u0130NG SURV\u0130CES<\/a><\/h2>\t\t\t\t<\/div>\n\t\t\t\t<\/div>\n\t\t\t\t<div class=\"elementor-element elementor-element-a6120bf elementor-align-left elementor-widget elementor-widget-button\" data-id=\"a6120bf\" data-element_type=\"widget\" data-e-type=\"widget\" data-widget_type=\"button.default\">\n\t\t\t\t<div class=\"elementor-widget-container\">\n\t\t\t\t\t\t\t\t\t<div class=\"elementor-button-wrapper\">\n\t\t\t\t\t<a class=\"elementor-button elementor-button-link elementor-size-sm\" href=\"https:\/\/amec.az\/az\/?page_id=976\">\n\t\t\t\t\t\t<span class=\"elementor-button-content-wrapper\">\n\t\t\t\t\t\t\t\t\t<span class=\"elementor-button-text\">Daha \u0259trafl\u0131<\/span>\n\t\t\t\t\t<\/span>\n\t\t\t\t\t<\/a>\n\t\t\t\t<\/div>\n\t\t\t\t\t\t\t\t<\/div>\n\t\t\t\t<\/div>\n\t\t\t\t\t<\/div>\n\t\t<\/div>\n\t\t\t\t\t<\/div>\n\t\t<\/section>\n\t\t\t\t\t<\/div>\n\t\t<\/div>\n\t\t\t\t\t<\/div>\n\t\t<\/section>\n\t\t\t\t<\/div>\n\t\t","protected":false},"excerpt":{"rendered":"<p>01 MAR\u0130NE WARRANTY SURVEYS Daha \u0259trafl\u0131 02 MARINE SURVEYS Daha \u0259trafl\u0131 03 MAR\u0130NE ASSURANCE SERV\u0130CES Daha \u0259trafl\u0131 04 DYNAM\u0130C POS\u0130T\u0130ON\u0130NG AUD\u0130TS Daha \u0259trafl\u0131 05 ENG\u0130NEER\u0130NG SURV\u0130CES Daha \u0259trafl\u0131<\/p>\n","protected":false},"author":2,"featured_media":0,"parent":0,"menu_order":0,"comment_status":"closed","ping_status":"closed","template":"","meta":{"_acf_changed":false,"footnotes":""},"class_list":["post-748","page","type-page","status-publish","hentry"],"acf":[],"yoast_head":"<!-- This site is optimized with the Yoast SEO Premium plugin v26.3 (Yoast SEO v27.4) - https:\/\/yoast.com\/product\/yoast-seo-premium-wordpress\/ -->\n<title>Xidm\u0259tl\u0259r - Amec<\/title>\n<meta name=\"robots\" content=\"index, follow, max-snippet:-1, max-image-preview:large, max-video-preview:-1\" \/>\n<link rel=\"canonical\" href=\"https:\/\/amec.az\/az\/xidmetler\/\" \/>\n<meta property=\"og:locale\" content=\"az_AZ\" \/>\n<meta property=\"og:type\" content=\"article\" \/>\n<meta property=\"og:title\" content=\"Xidm\u0259tl\u0259r\" \/>\n<meta property=\"og:description\" content=\"01 MAR\u0130NE WARRANTY SURVEYS Daha \u0259trafl\u0131 02 MARINE SURVEYS Daha \u0259trafl\u0131 03 MAR\u0130NE ASSURANCE SERV\u0130CES Daha \u0259trafl\u0131 04 DYNAM\u0130C POS\u0130T\u0130ON\u0130NG AUD\u0130TS Daha \u0259trafl\u0131 05 ENG\u0130NEER\u0130NG SURV\u0130CES Daha \u0259trafl\u0131\" \/>\n<meta property=\"og:url\" content=\"https:\/\/amec.az\/az\/xidmetler\/\" \/>\n<meta property=\"og:site_name\" content=\"Amec\" \/>\n<meta property=\"article:publisher\" content=\"https:\/\/www.facebook.com\/amecazz\" \/>\n<meta property=\"article:modified_time\" content=\"2022-10-11T09:16:07+00:00\" \/>\n<meta property=\"og:image\" content=\"https:\/\/amec.az\/wp-content\/uploads\/2022\/10\/Untitled-1-1.png\" \/>\n<meta name=\"twitter:card\" content=\"summary_large_image\" \/>\n<script type=\"application\/ld+json\" class=\"yoast-schema-graph\">{\"@context\":\"https:\\\/\\\/schema.org\",\"@graph\":[{\"@type\":\"WebPage\",\"@id\":\"https:\\\/\\\/amec.az\\\/az\\\/xidmetler\\\/\",\"url\":\"https:\\\/\\\/amec.az\\\/az\\\/xidmetler\\\/\",\"name\":\"Xidm\u0259tl\u0259r - Amec\",\"isPartOf\":{\"@id\":\"https:\\\/\\\/amec.az\\\/#website\"},\"primaryImageOfPage\":{\"@id\":\"https:\\\/\\\/amec.az\\\/az\\\/xidmetler\\\/#primaryimage\"},\"image\":{\"@id\":\"https:\\\/\\\/amec.az\\\/az\\\/xidmetler\\\/#primaryimage\"},\"thumbnailUrl\":\"https:\\\/\\\/amec.az\\\/wp-content\\\/uploads\\\/2022\\\/10\\\/Untitled-1-1.png\",\"datePublished\":\"2022-10-07T10:55:54+00:00\",\"dateModified\":\"2022-10-11T09:16:07+00:00\",\"breadcrumb\":{\"@id\":\"https:\\\/\\\/amec.az\\\/az\\\/xidmetler\\\/#breadcrumb\"},\"inLanguage\":\"az\",\"potentialAction\":[{\"@type\":\"ReadAction\",\"target\":[\"https:\\\/\\\/amec.az\\\/az\\\/xidmetler\\\/\"]}]},{\"@type\":\"ImageObject\",\"inLanguage\":\"az\",\"@id\":\"https:\\\/\\\/amec.az\\\/az\\\/xidmetler\\\/#primaryimage\",\"url\":\"https:\\\/\\\/amec.az\\\/wp-content\\\/uploads\\\/2022\\\/10\\\/Untitled-1-1.png\",\"contentUrl\":\"https:\\\/\\\/amec.az\\\/wp-content\\\/uploads\\\/2022\\\/10\\\/Untitled-1-1.png\"},{\"@type\":\"BreadcrumbList\",\"@id\":\"https:\\\/\\\/amec.az\\\/az\\\/xidmetler\\\/#breadcrumb\",\"itemListElement\":[{\"@type\":\"ListItem\",\"position\":1,\"name\":\"Ana s\u0259hif\u0259\",\"item\":\"https:\\\/\\\/amec.az\\\/az\\\/\"},{\"@type\":\"ListItem\",\"position\":2,\"name\":\"Xidm\u0259tl\u0259r\"}]},{\"@type\":\"WebSite\",\"@id\":\"https:\\\/\\\/amec.az\\\/#website\",\"url\":\"https:\\\/\\\/amec.az\\\/\",\"name\":\"Amec\",\"description\":\"AZERBAIJAN MARINE AND ENGINEERING CONSULTANTS LTD\",\"publisher\":{\"@id\":\"https:\\\/\\\/amec.az\\\/#organization\"},\"potentialAction\":[{\"@type\":\"SearchAction\",\"target\":{\"@type\":\"EntryPoint\",\"urlTemplate\":\"https:\\\/\\\/amec.az\\\/?s={search_term_string}\"},\"query-input\":{\"@type\":\"PropertyValueSpecification\",\"valueRequired\":true,\"valueName\":\"search_term_string\"}}],\"inLanguage\":\"az\"},{\"@type\":\"Organization\",\"@id\":\"https:\\\/\\\/amec.az\\\/#organization\",\"name\":\"AZERBAIJAN MARINE AND ENGINEERING CONSULTANTS LTD\",\"alternateName\":\"Amec\",\"url\":\"https:\\\/\\\/amec.az\\\/\",\"logo\":{\"@type\":\"ImageObject\",\"inLanguage\":\"az\",\"@id\":\"https:\\\/\\\/amec.az\\\/#\\\/schema\\\/logo\\\/image\\\/\",\"url\":\"https:\\\/\\\/amec.az\\\/wp-content\\\/uploads\\\/2022\\\/09\\\/logo.png\",\"contentUrl\":\"https:\\\/\\\/amec.az\\\/wp-content\\\/uploads\\\/2022\\\/09\\\/logo.png\",\"width\":500,\"height\":198,\"caption\":\"AZERBAIJAN MARINE AND ENGINEERING CONSULTANTS LTD\"},\"image\":{\"@id\":\"https:\\\/\\\/amec.az\\\/#\\\/schema\\\/logo\\\/image\\\/\"},\"sameAs\":[\"https:\\\/\\\/www.facebook.com\\\/amecazz\",\"https:\\\/\\\/www.instagram.com\\\/amec_2014\\\/\",\"https:\\\/\\\/www.linkedin.com\\\/company\\\/azerbaijan-marine-and-engineering-consultants-ltd\\\/\"]}]}<\/script>\n<!-- \/ Yoast SEO Premium plugin. -->","yoast_head_json":{"title":"Xidm\u0259tl\u0259r - Amec","robots":{"index":"index","follow":"follow","max-snippet":"max-snippet:-1","max-image-preview":"max-image-preview:large","max-video-preview":"max-video-preview:-1"},"canonical":"https:\/\/amec.az\/az\/xidmetler\/","og_locale":"az_AZ","og_type":"article","og_title":"Xidm\u0259tl\u0259r","og_description":"01 MAR\u0130NE WARRANTY SURVEYS Daha \u0259trafl\u0131 02 MARINE SURVEYS Daha \u0259trafl\u0131 03 MAR\u0130NE ASSURANCE SERV\u0130CES Daha \u0259trafl\u0131 04 DYNAM\u0130C POS\u0130T\u0130ON\u0130NG AUD\u0130TS Daha \u0259trafl\u0131 05 ENG\u0130NEER\u0130NG SURV\u0130CES Daha \u0259trafl\u0131","og_url":"https:\/\/amec.az\/az\/xidmetler\/","og_site_name":"Amec","article_publisher":"https:\/\/www.facebook.com\/amecazz","article_modified_time":"2022-10-11T09:16:07+00:00","og_image":[{"url":"https:\/\/amec.az\/wp-content\/uploads\/2022\/10\/Untitled-1-1.png","type":"","width":"","height":""}],"twitter_card":"summary_large_image","schema":{"@context":"https:\/\/schema.org","@graph":[{"@type":"WebPage","@id":"https:\/\/amec.az\/az\/xidmetler\/","url":"https:\/\/amec.az\/az\/xidmetler\/","name":"Xidm\u0259tl\u0259r - Amec","isPartOf":{"@id":"https:\/\/amec.az\/#website"},"primaryImageOfPage":{"@id":"https:\/\/amec.az\/az\/xidmetler\/#primaryimage"},"image":{"@id":"https:\/\/amec.az\/az\/xidmetler\/#primaryimage"},"thumbnailUrl":"https:\/\/amec.az\/wp-content\/uploads\/2022\/10\/Untitled-1-1.png","datePublished":"2022-10-07T10:55:54+00:00","dateModified":"2022-10-11T09:16:07+00:00","breadcrumb":{"@id":"https:\/\/amec.az\/az\/xidmetler\/#breadcrumb"},"inLanguage":"az","potentialAction":[{"@type":"ReadAction","target":["https:\/\/amec.az\/az\/xidmetler\/"]}]},{"@type":"ImageObject","inLanguage":"az","@id":"https:\/\/amec.az\/az\/xidmetler\/#primaryimage","url":"https:\/\/amec.az\/wp-content\/uploads\/2022\/10\/Untitled-1-1.png","contentUrl":"https:\/\/amec.az\/wp-content\/uploads\/2022\/10\/Untitled-1-1.png"},{"@type":"BreadcrumbList","@id":"https:\/\/amec.az\/az\/xidmetler\/#breadcrumb","itemListElement":[{"@type":"ListItem","position":1,"name":"Ana s\u0259hif\u0259","item":"https:\/\/amec.az\/az\/"},{"@type":"ListItem","position":2,"name":"Xidm\u0259tl\u0259r"}]},{"@type":"WebSite","@id":"https:\/\/amec.az\/#website","url":"https:\/\/amec.az\/","name":"Amec","description":"AZERBAIJAN MARINE AND ENGINEERING CONSULTANTS LTD","publisher":{"@id":"https:\/\/amec.az\/#organization"},"potentialAction":[{"@type":"SearchAction","target":{"@type":"EntryPoint","urlTemplate":"https:\/\/amec.az\/?s={search_term_string}"},"query-input":{"@type":"PropertyValueSpecification","valueRequired":true,"valueName":"search_term_string"}}],"inLanguage":"az"},{"@type":"Organization","@id":"https:\/\/amec.az\/#organization","name":"AZERBAIJAN MARINE AND ENGINEERING CONSULTANTS LTD","alternateName":"Amec","url":"https:\/\/amec.az\/","logo":{"@type":"ImageObject","inLanguage":"az","@id":"https:\/\/amec.az\/#\/schema\/logo\/image\/","url":"https:\/\/amec.az\/wp-content\/uploads\/2022\/09\/logo.png","contentUrl":"https:\/\/amec.az\/wp-content\/uploads\/2022\/09\/logo.png","width":500,"height":198,"caption":"AZERBAIJAN MARINE AND ENGINEERING CONSULTANTS LTD"},"image":{"@id":"https:\/\/amec.az\/#\/schema\/logo\/image\/"},"sameAs":["https:\/\/www.facebook.com\/amecazz","https:\/\/www.instagram.com\/amec_2014\/","https:\/\/www.linkedin.com\/company\/azerbaijan-marine-and-engineering-consultants-ltd\/"]}]}},"_links":{"self":[{"href":"https:\/\/amec.az\/az\/wp-json\/wp\/v2\/pages\/748","targetHints":{"allow":["GET"]}}],"collection":[{"href":"https:\/\/amec.az\/az\/wp-json\/wp\/v2\/pages"}],"about":[{"href":"https:\/\/amec.az\/az\/wp-json\/wp\/v2\/types\/page"}],"author":[{"embeddable":true,"href":"https:\/\/amec.az\/az\/wp-json\/wp\/v2\/users\/2"}],"replies":[{"embeddable":true,"href":"https:\/\/amec.az\/az\/wp-json\/wp\/v2\/comments?post=748"}],"version-history":[{"count":13,"href":"https:\/\/amec.az\/az\/wp-json\/wp\/v2\/pages\/748\/revisions"}],"predecessor-version":[{"id":1049,"href":"https:\/\/amec.az\/az\/wp-json\/wp\/v2\/pages\/748\/revisions\/1049"}],"wp:attachment":[{"href":"https:\/\/amec.az\/az\/wp-json\/wp\/v2\/media?parent=748"}],"curies":[{"name":"wp","href":"https:\/\/api.w.org\/{rel}","templated":true}]}}